{"id":77394,"date":"2021-06-02T13:52:27","date_gmt":"2021-06-02T11:52:27","guid":{"rendered":"https:\/\/www.cromology.com\/?page_id=77394"},"modified":"2024-10-29T12:52:18","modified_gmt":"2024-10-29T11:52:18","slug":"legal-notice","status":"publish","type":"page","link":"https:\/\/www.cromology.com\/en\/legal-notice\/","title":{"rendered":"Legal notice"},"content":{"rendered":"[vc_row type=&#8221;in_container&#8221; full_screen_row_position=&#8221;middle&#8221; column_margin=&#8221;default&#8221; column_direction=&#8221;default&#8221; column_direction_tablet=&#8221;default&#8221; column_direction_phone=&#8221;default&#8221; scene_position=&#8221;center&#8221; text_color=&#8221;dark&#8221; text_align=&#8221;left&#8221; row_border_radius=&#8221;none&#8221; row_border_radius_applies=&#8221;bg&#8221; class=&#8221;cromology-contenu nomarge&#8221; overlay_strength=&#8221;0.3&#8243; gradient_direction=&#8221;left_to_right&#8221; shape_divider_position=&#8221;bottom&#8221; bg_image_animation=&#8221;none&#8221; shape_type=&#8221;&#8221;][vc_column column_padding=&#8221;no-extra-padding&#8221; column_padding_tablet=&#8221;inherit&#8221; column_padding_phone=&#8221;inherit&#8221; column_padding_position=&#8221;all&#8221; column_element_spacing=&#8221;default&#8221; background_color_opacity=&#8221;1&#8243; background_hover_color_opacity=&#8221;1&#8243; column_shadow=&#8221;none&#8221; column_border_radius=&#8221;none&#8221; column_link_target=&#8221;_self&#8221; gradient_direction=&#8221;left_to_right&#8221; overlay_strength=&#8221;0.3&#8243; width=&#8221;1\/1&#8243; tablet_width_inherit=&#8221;default&#8221; tablet_text_alignment=&#8221;default&#8221; phone_text_alignment=&#8221;default&#8221; bg_image_animation=&#8221;none&#8221; border_type=&#8221;simple&#8221; column_border_width=&#8221;none&#8221; column_border_style=&#8221;solid&#8221;][vc_column_text]<strong>Legal notice<\/strong><br \/>\nThe present site called \u00ab cromology.com \u00bb (hereinafter the \u201cSite\u201c) is the property of Cromology Holding, whose registered office is located at Tour carr\u00e9 Michelet 5<sup>e<\/sup> \u00e9tage, 10-12 Cours Michelet CS 40288, 92065 La D\u00e9fense Cedex, (the \u201cCompany\u201c). By using the Website and the information contained therein, users acknowledge having read this legal notice and accept it expressly. The present notices may be modified at any time by the Company; as soon as they are posted, these changes are deemed to be accepted by the users.<\/p>\n<p><strong>Site Content \u2013 Limitation of Liability<\/strong><br \/>\nThe Site has a vocation of information and communication to the public. The information contained on the Site is given as an indication. The Company declines all responsibility in case of inaccuracy, inaccuracy or omission concerning the information available on the Site; for any suspension or interruption of the Site; and more generally for any direct or indirect damage resulting from access to or inability to access the Site, use of the Site, information available on it and \/ or other sites that are and, in particular, any financial, commercial, loss of programs or data in the user information system. The Company also declines any responsibility regarding the conformity of the information available on the Site with the uses that the users wish to make. As a result, users acknowledge that they use this information under their exclusive responsibility.<\/p>\n<p><strong>Intellectual property<\/strong><br \/>\nAll the elements contained on the Site (software, texts, animated or not images, sounds, know-how, database and more generally any type of data) are protected by the French legislation on the copyright and the intellectual property . Any representation and \/ or total or partial reproduction of the Site, by any means whatsoever, without the express authorization of the Company is prohibited and constitutes an infringement punishable by articles L.335-2 and following of the Code of intellectual property . No element of the Site can be interpreted as granting to the users any right of intellectual property on the Site and \/ or its contents. Only the right to consult the Site is granted to them.<\/p>\n<p><strong>Personal use<\/strong><br \/>\nAll elements of the Site are made available to users for their personal use. They are prohibited from using the elements of the Site for commercial or advertising purposes.<\/p>\n<p><strong>Link to other sites<\/strong><br \/>\nThe Site may contain links to other mobile or web sites, including the sites of the Company\u2019s partners. The establishment of these links has been subject to prior and express authorization. The existence of these links does not imply any control or approval by the Company of their content. Consequently, the Company can not be held responsible for the content and \/ or the operation, nor for the damages of any kind that may be suffered by users during a visit to one of these sites. Any link creation to the Site is subject to the prior express authorization of the Company. This authorization may be withdrawn by the Company at any time, without the latter having to justify its decision to withdraw.<\/p>\n<p><strong>Processing of personal data<\/strong><br \/>\nUsers have the right at any time to access, rectify, update and, where applicable, oppose the data concerning them by writing to the Company (Carr\u00e9 Michelet 12, Cours Michelet 92800 Puteaux). Users are informed that, during their visits to the Site, a navigation tracking mechanism may be implemented.<\/p>\n<p><strong>Technical operation of the Site<\/strong><br \/>\nThe Site is normally accessible 24 hours a day, 7 days a week. In case of force majeure, computer difficulties, difficulties related to the structure of telecommunications networks or technical difficulties, for reasons of maintenance, without this list being exhaustive, access to all or part of the Site may be suspended or deleted by simple decision of the Company. For reasons of maintenance, and \/ or for any other decision of the Company, access to the Site may be interrupted. The Site is subject to change and changes without notice of any kind. The user acknowledges having the skills and means necessary to access and use the Site. He acknowledges having verified that the technical configuration he uses contains no virus and that it is in perfect working order. In no event shall the Company be held liable for any direct, indirect or special damages resulting from the use of the Site or other sites related to it and, in particular, any financial, commercial, loss of programs or data in the user information system.<\/p>\n<p><strong>Attribution jurisdiction<br \/>\n<\/strong>The content of the Site is governed by French law. This is the case of substantive rules as rules of form, and its content will be appreciated by the only competent French jurisdiction. The rules of conflict of laws are excluded in favor of the complete and unreserved application of French law.<\/p>\n<p><strong>Photo credits<br \/>\n<\/strong> Gr\u00e9goire Gardette, Christophe Lebedinsky, Phototh\u00e8ques Cromology, Arcol, Claessens, Tintas, Robbialac, Tollens et Zolpan.<\/p>\n<hr \/>\n<p>The Site is published by <strong>Cromology<\/strong>, a simplified joint-stock company, with capital of \u20ac<span data-olk-copy-source=\"MessageBody\">56.316.226<\/span> Head office: Tour carr\u00e9 Michelet 5<sup>e<\/sup> \u00e9tage, 10-12 Cours Michelet CS 40288, 92065 La D\u00e9fense Cedex, registered in the trade and companies register of NANTERRE under the number 488 401 985 ; SIRET: 488\u00a0401 985 000 46 \u2013 Telephone: +33 (0) 1 41 27 62 00<br \/>\n<strong>Publication Director: <\/strong>Anne-\u00c9lise Bosc, Director of Communication \u2013 Telephone : +33 (0)1 41 27 62 00<strong><br \/>\n<\/strong><strong>H\u00e9bergement:<\/strong>\u00a0Le Site est h\u00e9berg\u00e9 chez Oceanet Technology, Si\u00e8ge social : 2 impasse Jos\u00e9phine Baker, 44 800 Saint-Herblain, immatricul\u00e9e au registre du commerce et des soci\u00e9t\u00e9s de NANTES sous le num\u00e9ro 408 893 063 \u2013 T\u00e9l\u00e9phone : +33 (0)2 28 03 78 79[\/vc_column_text][\/vc_column][\/vc_row]\n","protected":false},"excerpt":{"rendered":"[vc_row type=\"in_container\" full_screen_row_position=\"middle\" column_margin=\"default\" column_direction=\"default\" column_direction_tablet=\"default\" column_direction_phone=\"default\" scene_position=\"center\" text_color=\"dark\" text_align=\"left\" row_border_radius=\"none\" row_border_radius_applies=\"bg\" class=\"cromology-contenu nomarge\" overlay_strength=\"0.3\" gradient_direction=\"left_to_right\" shape_divider_position=\"bottom\" bg_image_animation=\"none\" shape_type=\"\"][vc_column column_padding=\"no-extra-padding\" column_padding_tablet=\"inherit\" column_padding_phone=\"inherit\" column_padding_position=\"all\" column_element_spacing=\"default\" background_color_opacity=\"1\" background_hover_color_opacity=\"1\" column_shadow=\"none\" column_border_radius=\"none\" column_link_target=\"_self\" gradient_direction=\"left_to_right\"...","protected":false},"author":3,"featured_media":0,"parent":0,"menu_order":8,"comment_status":"closed","ping_status":"closed","template":"","meta":{"_acf_changed":false,"footnotes":""},"class_list":["post-77394","page","type-page","status-publish"],"acf":[],"yoast_head":"<!-- This site is optimized with the Yoast SEO plugin v27.3 - https:\/\/yoast.com\/product\/yoast-seo-wordpress\/ -->\n<title>Legal notice | Cromology<\/title>\n<meta name=\"robots\" content=\"index, follow, max-snippet:-1, max-image-preview:large, max-video-preview:-1\" \/>\n<link rel=\"canonical\" href=\"https:\/\/www.cromology.com\/en\/legal-notice\/\" \/>\n<meta property=\"og:locale\" content=\"en_US\" \/>\n<meta property=\"og:type\" content=\"article\" \/>\n<meta property=\"og:title\" content=\"Legal notice | Cromology\" \/>\n<meta property=\"og:url\" content=\"https:\/\/www.cromology.com\/en\/legal-notice\/\" \/>\n<meta property=\"og:site_name\" content=\"Cromology\" \/>\n<meta property=\"article:publisher\" content=\"https:\/\/www.facebook.com\/Cromology.group\/\" \/>\n<meta property=\"article:modified_time\" content=\"2024-10-29T11:52:18+00:00\" \/>\n<meta name=\"twitter:card\" content=\"summary_large_image\" \/>\n<meta name=\"twitter:site\" content=\"@cromology\" \/>\n<script type=\"application\/ld+json\" class=\"yoast-schema-graph\">{\"@context\":\"https:\\\/\\\/schema.org\",\"@graph\":[{\"@type\":\"WebPage\",\"@id\":\"https:\\\/\\\/www.cromology.com\\\/en\\\/legal-notice\\\/\",\"url\":\"https:\\\/\\\/www.cromology.com\\\/en\\\/legal-notice\\\/\",\"name\":\"Legal notice | Cromology\",\"isPartOf\":{\"@id\":\"https:\\\/\\\/www.cromology.com\\\/en\\\/#website\"},\"datePublished\":\"2021-06-02T11:52:27+00:00\",\"dateModified\":\"2024-10-29T11:52:18+00:00\",\"breadcrumb\":{\"@id\":\"https:\\\/\\\/www.cromology.com\\\/en\\\/legal-notice\\\/#breadcrumb\"},\"inLanguage\":\"en-US\",\"potentialAction\":[{\"@type\":\"ReadAction\",\"target\":[\"https:\\\/\\\/www.cromology.com\\\/en\\\/legal-notice\\\/\"]}]},{\"@type\":\"BreadcrumbList\",\"@id\":\"https:\\\/\\\/www.cromology.com\\\/en\\\/legal-notice\\\/#breadcrumb\",\"itemListElement\":[{\"@type\":\"ListItem\",\"position\":1,\"name\":\"Accueil\",\"item\":\"https:\\\/\\\/www.cromology.com\\\/en\\\/\"},{\"@type\":\"ListItem\",\"position\":2,\"name\":\"Legal notice\"}]},{\"@type\":\"WebSite\",\"@id\":\"https:\\\/\\\/www.cromology.com\\\/en\\\/#website\",\"url\":\"https:\\\/\\\/www.cromology.com\\\/en\\\/\",\"name\":\"Cromology\",\"description\":\"Prot\u00e9ger et colorer durablement les espaces de vie pour am\u00e9liorer le quotidien de chacun\u200b.\",\"publisher\":{\"@id\":\"https:\\\/\\\/www.cromology.com\\\/en\\\/#organization\"},\"potentialAction\":[{\"@type\":\"SearchAction\",\"target\":{\"@type\":\"EntryPoint\",\"urlTemplate\":\"https:\\\/\\\/www.cromology.com\\\/en\\\/?s={search_term_string}\"},\"query-input\":{\"@type\":\"PropertyValueSpecification\",\"valueRequired\":true,\"valueName\":\"search_term_string\"}}],\"inLanguage\":\"en-US\"},{\"@type\":\"Organization\",\"@id\":\"https:\\\/\\\/www.cromology.com\\\/en\\\/#organization\",\"name\":\"Cromology\",\"url\":\"https:\\\/\\\/www.cromology.com\\\/en\\\/\",\"logo\":{\"@type\":\"ImageObject\",\"inLanguage\":\"en-US\",\"@id\":\"https:\\\/\\\/www.cromology.com\\\/en\\\/#\\\/schema\\\/logo\\\/image\\\/\",\"url\":\"https:\\\/\\\/www.cromology.com\\\/wp-content\\\/uploads\\\/2021\\\/05\\\/Logo-Cromology@2x.png\",\"contentUrl\":\"https:\\\/\\\/www.cromology.com\\\/wp-content\\\/uploads\\\/2021\\\/05\\\/Logo-Cromology@2x.png\",\"width\":243,\"height\":25,\"caption\":\"Cromology\"},\"image\":{\"@id\":\"https:\\\/\\\/www.cromology.com\\\/en\\\/#\\\/schema\\\/logo\\\/image\\\/\"},\"sameAs\":[\"https:\\\/\\\/www.facebook.com\\\/Cromology.group\\\/\",\"https:\\\/\\\/x.com\\\/cromology\",\"https:\\\/\\\/www.instagram.com\\\/cromology_sas\\\/\",\"https:\\\/\\\/www.youtube.com\\\/channel\\\/UCXWP8nxxPJ5IgKmNErRw1KQ\",\"https:\\\/\\\/fr.wikipedia.org\\\/wiki\\\/Cromology\"]}]}<\/script>\n<!-- \/ Yoast SEO plugin. -->","yoast_head_json":{"title":"Legal notice | Cromology","robots":{"index":"index","follow":"follow","max-snippet":"max-snippet:-1","max-image-preview":"max-image-preview:large","max-video-preview":"max-video-preview:-1"},"canonical":"https:\/\/www.cromology.com\/en\/legal-notice\/","og_locale":"en_US","og_type":"article","og_title":"Legal notice | Cromology","og_url":"https:\/\/www.cromology.com\/en\/legal-notice\/","og_site_name":"Cromology","article_publisher":"https:\/\/www.facebook.com\/Cromology.group\/","article_modified_time":"2024-10-29T11:52:18+00:00","twitter_card":"summary_large_image","twitter_site":"@cromology","schema":{"@context":"https:\/\/schema.org","@graph":[{"@type":"WebPage","@id":"https:\/\/www.cromology.com\/en\/legal-notice\/","url":"https:\/\/www.cromology.com\/en\/legal-notice\/","name":"Legal notice | Cromology","isPartOf":{"@id":"https:\/\/www.cromology.com\/en\/#website"},"datePublished":"2021-06-02T11:52:27+00:00","dateModified":"2024-10-29T11:52:18+00:00","breadcrumb":{"@id":"https:\/\/www.cromology.com\/en\/legal-notice\/#breadcrumb"},"inLanguage":"en-US","potentialAction":[{"@type":"ReadAction","target":["https:\/\/www.cromology.com\/en\/legal-notice\/"]}]},{"@type":"BreadcrumbList","@id":"https:\/\/www.cromology.com\/en\/legal-notice\/#breadcrumb","itemListElement":[{"@type":"ListItem","position":1,"name":"Accueil","item":"https:\/\/www.cromology.com\/en\/"},{"@type":"ListItem","position":2,"name":"Legal notice"}]},{"@type":"WebSite","@id":"https:\/\/www.cromology.com\/en\/#website","url":"https:\/\/www.cromology.com\/en\/","name":"Cromology","description":"Prot\u00e9ger et colorer durablement les espaces de vie pour am\u00e9liorer le quotidien de chacun\u200b.","publisher":{"@id":"https:\/\/www.cromology.com\/en\/#organization"},"potentialAction":[{"@type":"SearchAction","target":{"@type":"EntryPoint","urlTemplate":"https:\/\/www.cromology.com\/en\/?s={search_term_string}"},"query-input":{"@type":"PropertyValueSpecification","valueRequired":true,"valueName":"search_term_string"}}],"inLanguage":"en-US"},{"@type":"Organization","@id":"https:\/\/www.cromology.com\/en\/#organization","name":"Cromology","url":"https:\/\/www.cromology.com\/en\/","logo":{"@type":"ImageObject","inLanguage":"en-US","@id":"https:\/\/www.cromology.com\/en\/#\/schema\/logo\/image\/","url":"https:\/\/www.cromology.com\/wp-content\/uploads\/2021\/05\/Logo-Cromology@2x.png","contentUrl":"https:\/\/www.cromology.com\/wp-content\/uploads\/2021\/05\/Logo-Cromology@2x.png","width":243,"height":25,"caption":"Cromology"},"image":{"@id":"https:\/\/www.cromology.com\/en\/#\/schema\/logo\/image\/"},"sameAs":["https:\/\/www.facebook.com\/Cromology.group\/","https:\/\/x.com\/cromology","https:\/\/www.instagram.com\/cromology_sas\/","https:\/\/www.youtube.com\/channel\/UCXWP8nxxPJ5IgKmNErRw1KQ","https:\/\/fr.wikipedia.org\/wiki\/Cromology"]}]}},"_links":{"self":[{"href":"https:\/\/www.cromology.com\/en\/wp-json\/wp\/v2\/pages\/77394","targetHints":{"allow":["GET"]}}],"collection":[{"href":"https:\/\/www.cromology.com\/en\/wp-json\/wp\/v2\/pages"}],"about":[{"href":"https:\/\/www.cromology.com\/en\/wp-json\/wp\/v2\/types\/page"}],"author":[{"embeddable":true,"href":"https:\/\/www.cromology.com\/en\/wp-json\/wp\/v2\/users\/3"}],"replies":[{"embeddable":true,"href":"https:\/\/www.cromology.com\/en\/wp-json\/wp\/v2\/comments?post=77394"}],"version-history":[{"count":0,"href":"https:\/\/www.cromology.com\/en\/wp-json\/wp\/v2\/pages\/77394\/revisions"}],"wp:attachment":[{"href":"https:\/\/www.cromology.com\/en\/wp-json\/wp\/v2\/media?parent=77394"}],"curies":[{"name":"wp","href":"https:\/\/api.w.org\/{rel}","templated":true}]}}